{"id":38,"date":"2024-03-13T11:54:38","date_gmt":"2024-03-13T10:54:38","guid":{"rendered":"http:\/\/taxprestige.com\/?page_id=38"},"modified":"2024-07-01T14:24:39","modified_gmt":"2024-07-01T12:24:39","slug":"publikacje","status":"publish","type":"page","link":"https:\/\/taxprestige.com\/en\/publikacje\/","title":{"rendered":"Publications"},"content":{"rendered":"<div data-elementor-type=\"wp-page\" data-elementor-id=\"38\" class=\"elementor elementor-38\" data-elementor-post-type=\"page\">\n\t\t\t\t<div class=\"elementor-element elementor-element-f8eed2b e-flex e-con-boxed e-con e-parent\" data-id=\"f8eed2b\" data-element_type=\"container\" data-settings=\"{&quot;background_background&quot;:&quot;classic&quot;}\">\n\t\t\t\t\t<div class=\"e-con-inner\">\n\t\t\t\t<div class=\"elementor-element elementor-element-f62d70e elementor-widget elementor-widget-heading\" data-id=\"f62d70e\" data-element_type=\"widget\" data-widget_type=\"heading.default\">\n\t\t\t\t<div class=\"elementor-widget-container\">\n\t\t\t<style>\/*! elementor - v3.22.0 - 26-06-2024 *\/\n.elementor-heading-title{padding:0;margin:0;line-height:1}.elementor-widget-heading .elementor-heading-title[class*=elementor-size-]>a{color:inherit;font-size:inherit;line-height:inherit}.elementor-widget-heading .elementor-heading-title.elementor-size-small{font-size:15px}.elementor-widget-heading .elementor-heading-title.elementor-size-medium{font-size:19px}.elementor-widget-heading .elementor-heading-title.elementor-size-large{font-size:29px}.elementor-widget-heading .elementor-heading-title.elementor-size-xl{font-size:39px}.elementor-widget-heading .elementor-heading-title.elementor-size-xxl{font-size:59px}<\/style><h2 class=\"elementor-heading-title elementor-size-default\">Publications<\/h2>\t\t<\/div>\n\t\t\t\t<\/div>\n\t\t\t\t<div class=\"elementor-element elementor-element-5c937cf elementor-widget elementor-widget-text-editor\" data-id=\"5c937cf\" data-element_type=\"widget\" data-widget_type=\"text-editor.default\">\n\t\t\t\t<div class=\"elementor-widget-container\">\n\t\t\t<style>\/*! elementor - v3.22.0 - 26-06-2024 *\/\n.elementor-widget-text-editor.elementor-drop-cap-view-stacked .elementor-drop-cap{background-color:#69727d;color:#fff}.elementor-widget-text-editor.elementor-drop-cap-view-framed .elementor-drop-cap{color:#69727d;border:3px solid;background-color:transparent}.elementor-widget-text-editor:not(.elementor-drop-cap-view-default) .elementor-drop-cap{margin-top:8px}.elementor-widget-text-editor:not(.elementor-drop-cap-view-default) .elementor-drop-cap-letter{width:1em;height:1em}.elementor-widget-text-editor .elementor-drop-cap{float:left;text-align:center;line-height:1;font-size:50px}.elementor-widget-text-editor .elementor-drop-cap-letter{display:inline-block}<\/style>\t\t\t\t<p>Home Page &gt; Publications<\/p>\t\t\t\t\t\t<\/div>\n\t\t\t\t<\/div>\n\t\t\t\t\t<\/div>\n\t\t\t\t<\/div>\n\t\t<div class=\"elementor-element elementor-element-ed18b16 e-flex e-con-boxed e-con e-parent\" data-id=\"ed18b16\" data-element_type=\"container\">\n\t\t\t\t\t<div class=\"e-con-inner\">\n\t\t\t\t<div class=\"elementor-element elementor-element-517104d elementor-widget elementor-widget-upk-tiny-list\" data-id=\"517104d\" data-element_type=\"widget\" data-widget_type=\"upk-tiny-list.default\">\n\t\t\t\t<div class=\"elementor-widget-container\">\n\t\t\t\t\t<div class=\"upk-tiny-list\">\n\t\t\t\n\t\t\t\t\t\t<div class=\"upk-item\">\n\t\t\t<div class=\"upk-content upk-flex upk-flex-middle\">\n\n\t\t\t\t\n\t\t\t\t\n\t\t\t\t\n\t\t\t\t<h5 class=\"upk-title\"><a href=\"https:\/\/taxprestige.com\/en\/zaliczki-na-roboty-budowlane-a-powstanie-przychodu\/\" title=\"Advance payments for construction work and the emergence of income\" class=\"title-animation-underline\" >Advance payments for construction work and the emergence of income<\/a><\/h5>\t\t\t<\/div>\n\t\t<\/div>\n\n\t\n\t\t\t\n\t\t\t\t\t\t<div class=\"upk-item\">\n\t\t\t<div class=\"upk-content upk-flex upk-flex-middle\">\n\n\t\t\t\t\n\t\t\t\t\n\t\t\t\t\n\t\t\t\t<h5 class=\"upk-title\"><a href=\"https:\/\/taxprestige.com\/en\/jak-prawidlowo-rozliczyc-sprzedaz-lekow-refundowanych-rzeczpospolita-nr-166-9286-z-18-07-2012-r\/\" title=\"How to properly account for the sale of reimbursed drugs Rzeczpospolita No. 166 (9286) of 18.07.2012.\" class=\"title-animation-underline\" >How to properly account for the sale of reimbursed drugs Rzeczpospolita No. 166 (9286) of 18.07.2012.<\/a><\/h5>\t\t\t<\/div>\n\t\t<\/div>\n\n\t\n\t\t\t\n\t\t\t\t\t\t<div class=\"upk-item\">\n\t\t\t<div class=\"upk-content upk-flex upk-flex-middle\">\n\n\t\t\t\t\n\t\t\t\t\n\t\t\t\t\n\t\t\t\t<h5 class=\"upk-title\"><a href=\"https:\/\/taxprestige.com\/en\/hiszpanski-podatek-od-sprzedazy-udzialow-polskiej-spolki-kapitalowej-rzeczpospolita-nr-145-8961-z-24-06-2011-r\/\" title=\"Spanish tax on sale of shares in Polish capital company Rzeczpospolita No. 145 (8961), 24.06.2011.\" class=\"title-animation-underline\" >Spanish tax on sale of shares in Polish capital company Rzeczpospolita No. 145 (8961), 24.06.2011.<\/a><\/h5>\t\t\t<\/div>\n\t\t<\/div>\n\n\t\n\t\t\t\n\t\t\t\t\t\t<div class=\"upk-item\">\n\t\t\t<div class=\"upk-content upk-flex upk-flex-middle\">\n\n\t\t\t\t\n\t\t\t\t\n\t\t\t\t\n\t\t\t\t<h5 class=\"upk-title\"><a href=\"https:\/\/taxprestige.com\/en\/sprzedaz-mieszkania-opodatkowana-jest-w-kraju-jego-polozenia-rzeczpospolita-nr-15-8831-z-20-01-2011-r\/\" title=\"The sale of an apartment is taxed in the country where it is located Rzeczpospolita No. 15 (8831), 20.01.2011.\" class=\"title-animation-underline\" >The sale of an apartment is taxed in the country where it is located Rzeczpospolita No. 15 (8831), 20.01.2011.<\/a><\/h5>\t\t\t<\/div>\n\t\t<\/div>\n\n\t\n\t\t\t\n\t\t\t\t\t\t<div class=\"upk-item\">\n\t\t\t<div class=\"upk-content upk-flex upk-flex-middle\">\n\n\t\t\t\t\n\t\t\t\t\n\t\t\t\t\n\t\t\t\t<h5 class=\"upk-title\"><a href=\"https:\/\/taxprestige.com\/en\/fuzje-podzialy-i-przeksztalcenia-spolek-poradnik-gazety-prawnej-nr-13-539-z-01-07-04-2008-r\/\" title=\"Mergers, divisions and transformations of companies Poradnik Gazety Prawnej No. 13 (539), 01-07\/04\/2008.\" class=\"title-animation-underline\" >Mergers, divisions and transformations of companies Poradnik Gazety Prawnej No. 13 (539), 01-07\/04\/2008.<\/a><\/h5>\t\t\t<\/div>\n\t\t<\/div>\n\n\t\n\t\t\t\n\t\t\t\t\t\t<div class=\"upk-item\">\n\t\t\t<div class=\"upk-content upk-flex upk-flex-middle\">\n\n\t\t\t\t\n\t\t\t\t\n\t\t\t\t\n\t\t\t\t<h5 class=\"upk-title\"><a href=\"https:\/\/taxprestige.com\/en\/jak-sie-rozliczac-po-przeksztalceniu-spolki-jawnej-w-spolke-z-o-o-rzeczpospolita-nr-50-7951-z-28-02-2008-r\/\" title=\"How to account for yourself after transforming a general partnership into a limited liability company. Rzeczpospolita No. 50 (7951), 28.02.2008.\" class=\"title-animation-underline\" >How to account for yourself after transforming a general partnership into a limited liability company. Rzeczpospolita No. 50 (7951), 28.02.2008.<\/a><\/h5>\t\t\t<\/div>\n\t\t<\/div>\n\n\t\n\t\t\t\n\t\t\t\t\t\t<div class=\"upk-item\">\n\t\t\t<div class=\"upk-content upk-flex upk-flex-middle\">\n\n\t\t\t\t\n\t\t\t\t\n\t\t\t\t\n\t\t\t\t<h5 class=\"upk-title\"><a href=\"https:\/\/taxprestige.com\/en\/wspolnicy-spolek-komandytowo-akcyjnych-moga-wybrac-podatek-liniowy-rzeczpospolita-nr-17-7918-z-21-01-2008-r\/\" title=\"Partners of limited joint-stock partnerships may opt for flat tax Rzeczpospolita No. 17 (7918), 21.01.2008.\" class=\"title-animation-underline\" >Partners of limited joint-stock partnerships may opt for flat tax Rzeczpospolita No. 17 (7918), 21.01.2008.<\/a><\/h5>\t\t\t<\/div>\n\t\t<\/div>\n\n\t\n\t\t\t\n\t\t\t\t\t\t<div class=\"upk-item\">\n\t\t\t<div class=\"upk-content upk-flex upk-flex-middle\">\n\n\t\t\t\t\n\t\t\t\t\n\t\t\t\t\n\t\t\t\t<h5 class=\"upk-title\"><a href=\"https:\/\/taxprestige.com\/en\/likwidowana-spolka-z-o-o-rzeczpospolita-z-nr-253-7850-z-29-10-2007-r\/\" title=\"Liquidated limited liability company. Rzeczpospolita, no. 253 (7850), 29.10.2007.\" class=\"title-animation-underline\" >Liquidated limited liability company. Rzeczpospolita, no. 253 (7850), 29.10.2007.<\/a><\/h5>\t\t\t<\/div>\n\t\t<\/div>\n\n\t\n\t\t\t\n\t\t\t\t\t\t<div class=\"upk-item\">\n\t\t\t<div class=\"upk-content upk-flex upk-flex-middle\">\n\n\t\t\t\t\n\t\t\t\t\n\t\t\t\t\n\t\t\t\t<h5 class=\"upk-title\"><a href=\"https:\/\/taxprestige.com\/en\/poczestunek-ufundowany-przez-firme-farmaceutyczna-nie-zawsze-jest-reprezentacja-rzeczpospolita-nr-990229-7826-z-01-10-2007-r\/\" title=\"A treat sponsored by a pharmaceutical company is not always a representation Rzeczpospolita No. 990229 (7826), 01\/10\/2007.\" class=\"title-animation-underline\" >A treat sponsored by a pharmaceutical company is not always a representation Rzeczpospolita No. 990229 (7826), 01\/10\/2007.<\/a><\/h5>\t\t\t<\/div>\n\t\t<\/div>\n\n\t\n\t\t\t\n\t\t\t\t\t\t<div class=\"upk-item\">\n\t\t\t<div class=\"upk-content upk-flex upk-flex-middle\">\n\n\t\t\t\t\n\t\t\t\t\n\t\t\t\t\n\t\t\t\t<h5 class=\"upk-title\"><a href=\"https:\/\/taxprestige.com\/en\/jak-obliczyc-podatek-od-obligacji-otrzymanych-w-drodze-spadku-rzeczpospolita-nr-198-7795-z-25-26-08-2007-r\/\" title=\"How to calculate tax on bonds received by inheritance Rzeczpospolita No. 198 (7795), 25-26\/08\/2007.\" class=\"title-animation-underline\" >How to calculate tax on bonds received by inheritance Rzeczpospolita No. 198 (7795), 25-26\/08\/2007.<\/a><\/h5>\t\t\t<\/div>\n\t\t<\/div>\n\n\t\n\t\t\t\t\t<\/div>\n\n\t\t\t\t\t<div class=\"ep-pagination\">\n\t\t\t\t<ul class=\"upk-pagination\" data-widget-id=\"517104d\" >\n<li class=\"upk-active\"><a href=\"https:\/\/taxprestige.com\/en\/wp-json\/wp\/v2\/pages\/38\/\">1<\/a><\/li>\n<li><a href=\"https:\/\/taxprestige.com\/en\/wp-json\/wp\/v2\/pages\/38\/page\/2\/\">2<\/a><\/li>\n<li><a href=\"https:\/\/taxprestige.com\/en\/wp-json\/wp\/v2\/pages\/38\/page\/3\/\">3<\/a><\/li>\n<\/ul>\n\t\t\t<\/div>\n\t\t<\/div>\n\t\t\t\t<\/div>\n\t\t\t\t\t<\/div>\n\t\t\t\t<\/div>\n\t\t\t\t<\/div>","protected":false},"excerpt":{"rendered":"<p>Publications Home &gt; Publications How to properly account for sales of reimbursed drugs Rzeczpospolita No. 166 (9286), 18.07.2012. Spanish tax [...]<\/p>","protected":false},"author":1,"featured_media":0,"parent":0,"menu_order":0,"comment_status":"closed","ping_status":"closed","template":"elementor_header_footer","meta":{"site-sidebar-layout":"no-sidebar","site-content-layout":"","ast-site-content-layout":"full-width-container","site-content-style":"default","site-sidebar-style":"default","ast-global-header-display":"","ast-banner-title-visibility":"","ast-main-header-display":"","ast-hfb-above-header-display":"","ast-hfb-below-header-display":"","ast-hfb-mobile-header-display":"","site-post-title":"disabled","ast-breadcrumbs-content":"","ast-featured-img":"disabled","footer-sml-layout":"","theme-transparent-header-meta":"","adv-header-id-meta":"","stick-header-meta":"","header-above-stick-meta":"","header-main-stick-meta":"","header-below-stick-meta":"","astra-migrate-meta-layouts":"default","ast-page-background-enabled":"default","ast-page-background-meta":{"desktop":{"background-color":"var(--ast-global-color-4)","background-image":"","background-repeat":"repeat","background-position":"center center","background-size":"auto","background-attachment":"scroll","background-type":"","background-media":"","overlay-type":"","overlay-color":"","overlay-opacity":"","overlay-gradient":""},"tablet":{"background-color":"","background-image":"","background-repeat":"repeat","background-position":"center center","background-size":"auto","background-attachment":"scroll","background-type":"","background-media":"","overlay-type":"","overlay-color":"","overlay-opacity":"","overlay-gradient":""},"mobile":{"background-color":"","background-image":"","background-repeat":"repeat","background-position":"center center","background-size":"auto","background-attachment":"scroll","background-type":"","background-media":"","overlay-type":"","overlay-color":"","overlay-opacity":"","overlay-gradient":""}},"ast-content-background-meta":{"desktop":{"background-color":"var(--ast-global-color-5)","background-image":"","background-repeat":"repeat","background-position":"center center","background-size":"auto","background-attachment":"scroll","background-type":"","background-media":"","overlay-type":"","overlay-color":"","overlay-opacity":"","overlay-gradient":""},"tablet":{"background-color":"var(--ast-global-color-5)","background-image":"","background-repeat":"repeat","background-position":"center center","background-size":"auto","background-attachment":"scroll","background-type":"","background-media":"","overlay-type":"","overlay-color":"","overlay-opacity":"","overlay-gradient":""},"mobile":{"background-color":"var(--ast-global-color-5)","background-image":"","background-repeat":"repeat","background-position":"center center","background-size":"auto","background-attachment":"scroll","background-type":"","background-media":"","overlay-type":"","overlay-color":"","overlay-opacity":"","overlay-gradient":""}},"footnotes":""},"class_list":["post-38","page","type-page","status-publish","hentry"],"yoast_head":"<!-- This site is optimized with the Yoast SEO plugin v23.0 - https:\/\/yoast.com\/wordpress\/plugins\/seo\/ -->\n<title>Publikacje - TAX PPRESTIGE Sp. z o. o.<\/title>\n<meta name=\"description\" content=\"Zapoznaj si\u0119 z naszymi publikacjami dotycz\u0105cymi rachunkowo\u015bci i podatk\u00f3w. Artyku\u0142y, analizy i porady ekspert\u00f3w - wszystko, co musisz wiedzie\u0107, w jednym miejscu.\" \/>\n<meta name=\"robots\" content=\"index, follow, max-snippet:-1, max-image-preview:large, max-video-preview:-1\" \/>\n<link rel=\"canonical\" href=\"https:\/\/taxprestige.com\/en\/publikacje\/\" \/>\n<meta property=\"og:locale\" content=\"en_US\" \/>\n<meta property=\"og:type\" content=\"article\" \/>\n<meta property=\"og:title\" content=\"Publikacje - TAX PPRESTIGE Sp. z o. o.\" \/>\n<meta property=\"og:description\" content=\"Zapoznaj si\u0119 z naszymi publikacjami dotycz\u0105cymi rachunkowo\u015bci i podatk\u00f3w. Artyku\u0142y, analizy i porady ekspert\u00f3w - wszystko, co musisz wiedzie\u0107, w jednym miejscu.\" \/>\n<meta property=\"og:url\" content=\"https:\/\/taxprestige.com\/en\/publikacje\/\" \/>\n<meta property=\"og:site_name\" content=\"TAX PPRESTIGE Sp. z o. o.\" \/>\n<meta property=\"article:modified_time\" content=\"2024-07-01T12:24:39+00:00\" \/>\n<meta name=\"twitter:card\" content=\"summary_large_image\" \/>\n<meta name=\"twitter:label1\" content=\"Est. reading time\" \/>\n\t<meta name=\"twitter:data1\" content=\"1 minute\" \/>\n<script type=\"application\/ld+json\" class=\"yoast-schema-graph\">{\"@context\":\"https:\/\/schema.org\",\"@graph\":[{\"@type\":\"WebPage\",\"@id\":\"https:\/\/taxprestige.com\/publikacje\/\",\"url\":\"https:\/\/taxprestige.com\/publikacje\/\",\"name\":\"Publikacje - TAX PPRESTIGE Sp. z o. o.\",\"isPartOf\":{\"@id\":\"https:\/\/taxprestige.com\/#website\"},\"datePublished\":\"2024-03-13T10:54:38+00:00\",\"dateModified\":\"2024-07-01T12:24:39+00:00\",\"description\":\"Zapoznaj si\u0119 z naszymi publikacjami dotycz\u0105cymi rachunkowo\u015bci i podatk\u00f3w. Artyku\u0142y, analizy i porady ekspert\u00f3w - wszystko, co musisz wiedzie\u0107, w jednym miejscu.\",\"breadcrumb\":{\"@id\":\"https:\/\/taxprestige.com\/publikacje\/#breadcrumb\"},\"inLanguage\":\"en-US\",\"potentialAction\":[{\"@type\":\"ReadAction\",\"target\":[\"https:\/\/taxprestige.com\/publikacje\/\"]}]},{\"@type\":\"BreadcrumbList\",\"@id\":\"https:\/\/taxprestige.com\/publikacje\/#breadcrumb\",\"itemListElement\":[{\"@type\":\"ListItem\",\"position\":1,\"name\":\"Home\",\"item\":\"https:\/\/taxprestige.com\/\"},{\"@type\":\"ListItem\",\"position\":2,\"name\":\"Publikacje\"}]},{\"@type\":\"WebSite\",\"@id\":\"https:\/\/taxprestige.com\/#website\",\"url\":\"https:\/\/taxprestige.com\/\",\"name\":\"TAX PPRESTIGE Sp. z o. o.\",\"description\":\"Biuro Rachunkowe Warszawa\",\"publisher\":{\"@id\":\"https:\/\/taxprestige.com\/#organization\"},\"potentialAction\":[{\"@type\":\"SearchAction\",\"target\":{\"@type\":\"EntryPoint\",\"urlTemplate\":\"https:\/\/taxprestige.com\/?s={search_term_string}\"},\"query-input\":\"required name=search_term_string\"}],\"inLanguage\":\"en-US\"},{\"@type\":\"Organization\",\"@id\":\"https:\/\/taxprestige.com\/#organization\",\"name\":\"TAX PPRESTIGE Sp. z o. o.\",\"url\":\"https:\/\/taxprestige.com\/\",\"logo\":{\"@type\":\"ImageObject\",\"inLanguage\":\"en-US\",\"@id\":\"https:\/\/taxprestige.com\/#\/schema\/logo\/image\/\",\"url\":\"https:\/\/taxprestige.com\/wp-content\/uploads\/2024\/04\/logo.png\",\"contentUrl\":\"https:\/\/taxprestige.com\/wp-content\/uploads\/2024\/04\/logo.png\",\"width\":704,\"height\":129,\"caption\":\"TAX PPRESTIGE Sp. z o. o.\"},\"image\":{\"@id\":\"https:\/\/taxprestige.com\/#\/schema\/logo\/image\/\"}}]}<\/script>\n<!-- \/ Yoast SEO plugin. -->","yoast_head_json":{"title":"Publikacje - TAX PPRESTIGE Sp. z o. o.","description":"Zapoznaj si\u0119 z naszymi publikacjami dotycz\u0105cymi rachunkowo\u015bci i podatk\u00f3w. Artyku\u0142y, analizy i porady ekspert\u00f3w - wszystko, co musisz wiedzie\u0107, w jednym miejscu.","robots":{"index":"index","follow":"follow","max-snippet":"max-snippet:-1","max-image-preview":"max-image-preview:large","max-video-preview":"max-video-preview:-1"},"canonical":"https:\/\/taxprestige.com\/en\/publikacje\/","og_locale":"en_US","og_type":"article","og_title":"Publikacje - TAX PPRESTIGE Sp. z o. o.","og_description":"Zapoznaj si\u0119 z naszymi publikacjami dotycz\u0105cymi rachunkowo\u015bci i podatk\u00f3w. Artyku\u0142y, analizy i porady ekspert\u00f3w - wszystko, co musisz wiedzie\u0107, w jednym miejscu.","og_url":"https:\/\/taxprestige.com\/en\/publikacje\/","og_site_name":"TAX PPRESTIGE Sp. z o. o.","article_modified_time":"2024-07-01T12:24:39+00:00","twitter_card":"summary_large_image","twitter_misc":{"Est. reading time":"1 minute"},"schema":{"@context":"https:\/\/schema.org","@graph":[{"@type":"WebPage","@id":"https:\/\/taxprestige.com\/publikacje\/","url":"https:\/\/taxprestige.com\/publikacje\/","name":"Publikacje - TAX PPRESTIGE Sp. z o. o.","isPartOf":{"@id":"https:\/\/taxprestige.com\/#website"},"datePublished":"2024-03-13T10:54:38+00:00","dateModified":"2024-07-01T12:24:39+00:00","description":"Zapoznaj si\u0119 z naszymi publikacjami dotycz\u0105cymi rachunkowo\u015bci i podatk\u00f3w. Artyku\u0142y, analizy i porady ekspert\u00f3w - wszystko, co musisz wiedzie\u0107, w jednym miejscu.","breadcrumb":{"@id":"https:\/\/taxprestige.com\/publikacje\/#breadcrumb"},"inLanguage":"en-US","potentialAction":[{"@type":"ReadAction","target":["https:\/\/taxprestige.com\/publikacje\/"]}]},{"@type":"BreadcrumbList","@id":"https:\/\/taxprestige.com\/publikacje\/#breadcrumb","itemListElement":[{"@type":"ListItem","position":1,"name":"Home","item":"https:\/\/taxprestige.com\/"},{"@type":"ListItem","position":2,"name":"Publikacje"}]},{"@type":"WebSite","@id":"https:\/\/taxprestige.com\/#website","url":"https:\/\/taxprestige.com\/","name":"TAX PPRESTIGE Sp. z o. o.","description":"Biuro Rachunkowe Warszawa","publisher":{"@id":"https:\/\/taxprestige.com\/#organization"},"potentialAction":[{"@type":"SearchAction","target":{"@type":"EntryPoint","urlTemplate":"https:\/\/taxprestige.com\/?s={search_term_string}"},"query-input":"required name=search_term_string"}],"inLanguage":"en-US"},{"@type":"Organization","@id":"https:\/\/taxprestige.com\/#organization","name":"TAX PPRESTIGE Sp. z o. o.","url":"https:\/\/taxprestige.com\/","logo":{"@type":"ImageObject","inLanguage":"en-US","@id":"https:\/\/taxprestige.com\/#\/schema\/logo\/image\/","url":"https:\/\/taxprestige.com\/wp-content\/uploads\/2024\/04\/logo.png","contentUrl":"https:\/\/taxprestige.com\/wp-content\/uploads\/2024\/04\/logo.png","width":704,"height":129,"caption":"TAX PPRESTIGE Sp. z o. o."},"image":{"@id":"https:\/\/taxprestige.com\/#\/schema\/logo\/image\/"}}]}},"_links":{"self":[{"href":"https:\/\/taxprestige.com\/en\/wp-json\/wp\/v2\/pages\/38","targetHints":{"allow":["GET"]}}],"collection":[{"href":"https:\/\/taxprestige.com\/en\/wp-json\/wp\/v2\/pages"}],"about":[{"href":"https:\/\/taxprestige.com\/en\/wp-json\/wp\/v2\/types\/page"}],"author":[{"embeddable":true,"href":"https:\/\/taxprestige.com\/en\/wp-json\/wp\/v2\/users\/1"}],"replies":[{"embeddable":true,"href":"https:\/\/taxprestige.com\/en\/wp-json\/wp\/v2\/comments?post=38"}],"version-history":[{"count":0,"href":"https:\/\/taxprestige.com\/en\/wp-json\/wp\/v2\/pages\/38\/revisions"}],"wp:attachment":[{"href":"https:\/\/taxprestige.com\/en\/wp-json\/wp\/v2\/media?parent=38"}],"curies":[{"name":"wp","href":"https:\/\/api.w.org\/{rel}","templated":true}]}}